{"id":2424,"date":"2025-02-25T18:37:42","date_gmt":"2025-02-25T18:37:42","guid":{"rendered":"https:\/\/www.villaolea.fr\/?page_id=2424"},"modified":"2025-02-25T18:40:45","modified_gmt":"2025-02-25T18:40:45","slug":"mentionslegales","status":"publish","type":"page","link":"https:\/\/www.villaolea.fr\/en\/mentionslegales\/","title":{"rendered":"Mentions L\u00e9gales"},"content":{"rendered":"<div data-elementor-type=\"wp-page\" data-elementor-id=\"2424\" class=\"elementor elementor-2424\" data-elementor-post-type=\"page\">\n\t\t\t\t<div class=\"elementor-element elementor-element-c639f90 e-flex e-con-boxed e-con e-parent\" data-id=\"c639f90\" data-element_type=\"container\">\n\t\t\t\t\t<div class=\"e-con-inner\">\n\t\t\t\t<div class=\"elementor-element elementor-element-cedecec elementor-widget elementor-widget-heading\" data-id=\"cedecec\" data-element_type=\"widget\" data-widget_type=\"heading.default\">\n\t\t\t\t<div class=\"elementor-widget-container\">\n\t\t\t\t\t<h1 class=\"elementor-heading-title elementor-size-default\">Mentions L\u00e9gales<\/h1>\t\t\t\t<\/div>\n\t\t\t\t<\/div>\n\t\t\t\t<div class=\"elementor-element elementor-element-530ee15 elementor-widget elementor-widget-text-editor\" data-id=\"530ee15\" data-element_type=\"widget\" data-widget_type=\"text-editor.default\">\n\t\t\t\t<div class=\"elementor-widget-container\">\n\t\t\t\t\t\t\t\t\t<p class=\"p1\">En vigueur au 25\/02\/2025<\/p>\t\t\t\t\t\t\t\t<\/div>\n\t\t\t\t<\/div>\n\t\t\t\t<div class=\"elementor-element elementor-element-46e8ca8 elementor-widget elementor-widget-text-editor\" data-id=\"46e8ca8\" data-element_type=\"widget\" data-widget_type=\"text-editor.default\">\n\t\t\t\t<div class=\"elementor-widget-container\">\n\t\t\t\t\t\t\t\t\t<p class=\"p1\">En vertu de l&rsquo;article 6 de la loi n\u00b0 2004-575 du 21 juin 2004 pour la confiance dans l&rsquo;\u00e9conomie num\u00e9rique, il est pr\u00e9cis\u00e9 aux utilisateurs du site internet https:\/\/www.villaolea.fr\/ l&rsquo;identit\u00e9 des diff\u00e9rents intervenants dans le cadre de sa r\u00e9alisation et de son suivi.<\/p><p class=\"p1\">La connexion et la navigation sur le Site par l\u2019Utilisateur implique acceptation int\u00e9grale et sans r\u00e9serve des pr\u00e9sentes mentions l\u00e9gales.<\/p><p class=\"p1\">Ces derni\u00e8res sont accessibles sur le Site \u00e0 la rubrique \u00ab\u00a0<b>Mentions l\u00e9gales<\/b>\u00ab\u00a0.<\/p><p class=\"p3\"><b>EDITION DU SITE<\/b><\/p><p class=\"p3\"><b><\/b>L&rsquo;\u00e9dition du Site est assur\u00e9e par la soci\u00e9t\u00e9 Casa Mistretta, _______________ au capital de _______________ euros, immatricul\u00e9e au Registre du Commerce et des Soci\u00e9t\u00e9s de Lyon sous le num\u00e9ro _______________ dont le si\u00e8ge social est situ\u00e9 au 39 rue saint philippe 69003.<\/p><p class=\"p1\">&gt; <b>Num\u00e9ro de t\u00e9l\u00e9phone<\/b> : 0638417057<\/p><p class=\"p1\">&gt; <b>Adresse e-mail<\/b> : contact@villaolea.fr.<\/p><p class=\"p3\"><b>HEBERGEUR<\/b><\/p><p class=\"p3\"><b><\/b><b><\/b>L&rsquo;h\u00e9bergeur du Site est la soci\u00e9t\u00e9 O2Switch, dont le si\u00e8ge social est situ\u00e9 au<span class=\"Apple-converted-space\">\u00a0 <\/span>Chem. des Pardiaux 63000 Clermont-Ferrand.T\u00e9l\u00e9phone : 0444446040<\/p><p><b>PROPRI\u00c9T\u00c9 INTELLECTUELLE ET CONTREFA\u00c7ONS<\/b><\/p><p><b><\/b>Casa Mistretta est propri\u00e9taire des droits de propri\u00e9t\u00e9 intellectuelle et d\u00e9tient les droits d\u2019usage sur tous les \u00e9l\u00e9ments accessibles sur le site internet, notamment les textes, images, graphismes, logos, vid\u00e9os, architecture, ic\u00f4nes et sons.<br \/>Toute reproduction, repr\u00e9sentation, modification, publication, adaptation de tout ou partie des \u00e9l\u00e9ments du site, quel que soit le moyen ou le proc\u00e9d\u00e9 utilis\u00e9, est interdite, sauf autorisation \u00e9crite pr\u00e9alable de\u00a0Casa Mistretta.<br \/>Toute exploitation non autoris\u00e9e du site ou de l\u2019un quelconque des \u00e9l\u00e9ments qu\u2019il contient sera consid\u00e9r\u00e9e comme constitutive d\u2019une contrefa\u00e7on et poursuivie conform\u00e9ment aux dispositions des articles\u00a0L.335-2 et suivants du Code de Propri\u00e9t\u00e9 Intellectuelle.<b><br \/><\/b><\/p><p><b>LIMITATIONS DE RESPONSABILIT\u00c9<\/b><\/p><p><b>Casa Mistretta<\/b>\u00a0ne pourra \u00eatre tenu pour responsable des dommages directs et indirects caus\u00e9s au mat\u00e9riel de l\u2019utilisateur, lors de l\u2019acc\u00e8s au site\u00a0<b>https:\/\/www.villaolea.fr\/<\/b>.<\/p><p class=\"p1\"><b>Casa Mistretta<\/b>\u00a0d\u00e9cline toute responsabilit\u00e9 quant \u00e0 l\u2019utilisation qui pourrait \u00eatre faite des informations et contenus pr\u00e9sents sur\u00a0<a href=\"https:\/\/www.villaolea.fr\/en\/.\/\"><span style=\"text-decoration: underline;\"><b>https:\/\/www.villaolea.fr\/<\/b><\/span>.<\/a><\/p><p class=\"p1\"><b>Casa Mistretta<\/b>\u00a0s\u2019engage \u00e0 s\u00e9curiser au mieux le site\u00a0<span style=\"text-decoration: underline;\"><b>https:\/\/www.villaolea.fr\/<\/b><\/span>, cependant sa responsabilit\u00e9 ne pourra \u00eatre mise en cause si des donn\u00e9es ind\u00e9sirables sont import\u00e9es et install\u00e9es sur son site \u00e0 son insu.<\/p><p class=\"p1\">Des espaces interactifs (espace contact ou commentaires) sont \u00e0 la disposition des utilisateurs.\u00a0<b>Casa Mistretta<\/b>\u00a0se r\u00e9serve le droit de supprimer, sans mise en demeure pr\u00e9alable, tout contenu d\u00e9pos\u00e9 dans cet espace qui contreviendrait \u00e0 la l\u00e9gislation applicable en France, en particulier aux dispositions relatives \u00e0 la protection des donn\u00e9es.<\/p><p class=\"p1\">Le cas \u00e9ch\u00e9ant,\u00a0<b>Casa Mistretta<\/b> se r\u00e9serve \u00e9galement la possibilit\u00e9 de mettre en cause la responsabilit\u00e9 civile et\/ou p\u00e9nale de l\u2019utilisateur, notamment en cas de message \u00e0 caract\u00e8re raciste, injurieux, diffamant, ou pornographique, quel que soit le support utilis\u00e9 (texte, photographie \u2026).<\/p><p><b>COLLECTE DE DONN\u00c9ES<br \/><\/b><\/p><p class=\"p1\">Le Site assure \u00e0 l&rsquo;Utilisateur une collecte et un traitement des donn\u00e9es personnelles dans le respect de la vie priv\u00e9e conform\u00e9ment \u00e0 la loi n\u00b078-17 du 6 janvier 1978 relative \u00e0 l&rsquo;informatique, aux fichiers aux libert\u00e9s et dans le respect de la r\u00e8glementation applicable en mati\u00e8re de traitement des donn\u00e9es \u00e0 caract\u00e8re personnel conform\u00e9ment au r\u00e8glement (UE) 2016\/679 du Parlement europ\u00e9en et du Conseil du 27 avril 2016 (ci-apr\u00e8s, ensemble, la \u00ab\u00a0R\u00e8glementation applicable en mati\u00e8re de protection des Donn\u00e9es \u00e0 caract\u00e8re personnel\u00a0\u00bb).<\/p><p class=\"p1\">En vertu de la R\u00e8glementation applicable en mati\u00e8re de protection des Donn\u00e9es \u00e0 caract\u00e8re personnel, l&rsquo;Utilisateur dispose d&rsquo;un droit d&rsquo;acc\u00e8s, de rectification, de suppression et d&rsquo;opposition de ses donn\u00e9es personnelles. L&rsquo;Utilisateur peut exercer ce droit :<\/p><ul class=\"ul1\"><li class=\"li1\">par mail \u00e0 l&rsquo;adresse email contact@villaolea.fr<\/li><li class=\"li1\">depuis le formulaire de contact ;<\/li><\/ul><p>Pour plus d&rsquo;informations sur notre politique de confidentialit\u00e9s : <span style=\"text-decoration: underline;\"><a href=\"https:\/\/www.villaolea.fr\/en\/politiquedeconfidentialites\/\">https:\/\/www.villaolea.fr\/politiquedeconfidentialites\/<\/a><\/span><\/p><p class=\"p3\"><b>ACC\u00c8S AU SITE<\/b><\/p><p class=\"p1\">Le Site est normalement accessible, \u00e0 tout moment, \u00e0 l&rsquo;Utilisateur. Toutefois, Casa Mistretta pourra, \u00e0 tout moment, suspendre, limiter ou interrompre le Site afin de proc\u00e9der, notamment, \u00e0 des mises \u00e0 jour ou des modifications de son contenu. La soci\u00e9t\u00e9 ne pourra en aucun cas \u00eatre tenue responsable des cons\u00e9quences \u00e9ventuelles de cette indisponibilit\u00e9 sur les activit\u00e9s de l&rsquo;Utilisateur.<\/p>\t\t\t\t\t\t\t\t<\/div>\n\t\t\t\t<\/div>\n\t\t\t\t\t<\/div>\n\t\t\t\t<\/div>\n\t\t\t\t<\/div>","protected":false},"excerpt":{"rendered":"<p>Mentions L\u00e9gales En vigueur au 25\/02\/2025 En vertu de l&rsquo;article 6 de la loi n\u00b0 2004-575 du 21 juin 2004 pour la confiance dans l&rsquo;\u00e9conomie num\u00e9rique, il est pr\u00e9cis\u00e9 aux utilisateurs du site internet https:\/\/www.villaolea.fr\/ l&rsquo;identit\u00e9 des diff\u00e9rents intervenants dans le cadre de sa r\u00e9alisation et de son suivi. La connexion et la navigation sur [&hellip;]<\/p>","protected":false},"author":1,"featured_media":0,"parent":0,"menu_order":0,"comment_status":"closed","ping_status":"closed","template":"","meta":{"site-sidebar-layout":"no-sidebar","site-content-layout":"page-builder","ast-site-content-layout":"full-width-container","site-content-style":"unboxed","site-sidebar-style":"unboxed","ast-global-header-display":"","ast-banner-title-visibility":"","ast-main-header-display":"","ast-hfb-above-header-display":"","ast-hfb-below-header-display":"","ast-hfb-mobile-header-display":"","site-post-title":"disabled","ast-breadcrumbs-content":"","ast-featured-img":"disabled","footer-sml-layout":"","theme-transparent-header-meta":"default","adv-header-id-meta":"","stick-header-meta":"","header-above-stick-meta":"","header-main-stick-meta":"","header-below-stick-meta":"","astra-migrate-meta-layouts":"set","ast-page-background-enabled":"default","ast-page-background-meta":{"desktop":{"background-color":"","background-image":"","background-repeat":"repeat","background-position":"center center","background-size":"auto","background-attachment":"scroll","background-type":"","background-media":"","overlay-type":"","overlay-color":"","overlay-opacity":"","overlay-gradient":""},"tablet":{"background-color":"","background-image":"","background-repeat":"repeat","background-position":"center center","background-size":"auto","background-attachment":"scroll","background-type":"","background-media":"","overlay-type":"","overlay-color":"","overlay-opacity":"","overlay-gradient":""},"mobile":{"background-color":"","background-image":"","background-repeat":"repeat","background-position":"center center","background-size":"auto","background-attachment":"scroll","background-type":"","background-media":"","overlay-type":"","overlay-color":"","overlay-opacity":"","overlay-gradient":""}},"ast-content-background-meta":{"desktop":{"background-color":"var(--ast-global-color-5)","background-image":"","background-repeat":"repeat","background-position":"center center","background-size":"auto","background-attachment":"scroll","background-type":"","background-media":"","overlay-type":"","overlay-color":"","overlay-opacity":"","overlay-gradient":""},"tablet":{"background-color":"var(--ast-global-color-5)","background-image":"","background-repeat":"repeat","background-position":"center center","background-size":"auto","background-attachment":"scroll","background-type":"","background-media":"","overlay-type":"","overlay-color":"","overlay-opacity":"","overlay-gradient":""},"mobile":{"background-color":"var(--ast-global-color-5)","background-image":"","background-repeat":"repeat","background-position":"center center","background-size":"auto","background-attachment":"scroll","background-type":"","background-media":"","overlay-type":"","overlay-color":"","overlay-opacity":"","overlay-gradient":""}},"footnotes":""},"class_list":["post-2424","page","type-page","status-publish","hentry"],"_links":{"self":[{"href":"https:\/\/www.villaolea.fr\/en\/wp-json\/wp\/v2\/pages\/2424","targetHints":{"allow":["GET"]}}],"collection":[{"href":"https:\/\/www.villaolea.fr\/en\/wp-json\/wp\/v2\/pages"}],"about":[{"href":"https:\/\/www.villaolea.fr\/en\/wp-json\/wp\/v2\/types\/page"}],"author":[{"embeddable":true,"href":"https:\/\/www.villaolea.fr\/en\/wp-json\/wp\/v2\/users\/1"}],"replies":[{"embeddable":true,"href":"https:\/\/www.villaolea.fr\/en\/wp-json\/wp\/v2\/comments?post=2424"}],"version-history":[{"count":10,"href":"https:\/\/www.villaolea.fr\/en\/wp-json\/wp\/v2\/pages\/2424\/revisions"}],"predecessor-version":[{"id":2435,"href":"https:\/\/www.villaolea.fr\/en\/wp-json\/wp\/v2\/pages\/2424\/revisions\/2435"}],"wp:attachment":[{"href":"https:\/\/www.villaolea.fr\/en\/wp-json\/wp\/v2\/media?parent=2424"}],"curies":[{"name":"wp","href":"https:\/\/api.w.org\/{rel}","templated":true}]}}